{"id":1767,"date":"2022-12-15T15:03:25","date_gmt":"2022-12-15T15:03:25","guid":{"rendered":"http:\/\/dagmara.cl\/w3\/?page_id=1767"},"modified":"2023-11-07T13:45:03","modified_gmt":"2023-11-07T13:45:03","slug":"obras","status":"publish","type":"page","link":"http:\/\/dagmara.cl\/w3\/obras\/","title":{"rendered":"OBRAS"},"content":{"rendered":"\n<div style=\"height:40px\" aria-hidden=\"true\" class=\"wp-block-spacer\"><\/div>\n\n\n\n<div class=\"wp-block-columns is-layout-flex wp-container-core-columns-is-layout-9d6595d7 wp-block-columns-is-layout-flex\">\n<div class=\"wp-block-column is-layout-flow wp-block-column-is-layout-flow\" style=\"flex-basis:30px\">\n<hr class=\"wp-block-separator has-text-color has-alpha-channel-opacity has-background thumb\" style=\"background-color:#ff0000;color:#ff0000\"\/>\n<\/div>\n<\/div>\n\n\n\n<div class=\"wp-block-columns thumb has-black-color has-text-color is-layout-flex wp-container-core-columns-is-layout-9d6595d7 wp-block-columns-is-layout-flex\">\n<div class=\"wp-block-column thumb is-layout-flow wp-block-column-is-layout-flow\"><style>.wp-show-posts-columns#wpsp-551 {margin-left: -2em; }.wp-show-posts-columns#wpsp-551 .wp-show-posts-inner {margin: 0 0 2em 2em; }<\/style><section id=\"wpsp-551\" class=\" wp-show-posts-columns wp-show-posts\" style=\"\"><article class=\" wp-show-posts-single post-2823 post type-post status-publish format-standard has-post-thumbnail hentry category-obras-footer category-obras_home wpsp-col-3\" itemtype=\"http:\/\/schema.org\/CreativeWork\" itemscope><div class=\"wp-show-posts-inner\" style=\"\">\t\t\t\t\t\t<header class=\"wp-show-posts-entry-header\">\n\t\t\t\t\t\t\t<p class=\"wp-show-posts-entry-title\" itemprop=\"headline\"><a href=\"http:\/\/dagmara.cl\/w3\/la-levedad-del-litio\/\" rel=\"bookmark\">La levedad del litio<\/a><\/p>\t\t\t\t\t\t<\/header><!-- .entry-header -->\n\t\t\t\t\t\t\t<div class=\"wp-show-posts-image  wpsp-image-center \">\n\t\t\t<a href=\"http:\/\/dagmara.cl\/w3\/la-levedad-del-litio\/\"  title=\"La levedad del litio\">\t\t\t\t\t<img decoding=\"async\" src=\"http:\/\/dagmara.cl\/w3\/wp-content\/uploads\/2023\/11\/plakat-Lekkosc-litu-2-400x400.jpg\" alt=\"La levedad del litio\" itemprop=\"image\" class=\"center\" \/>\n\t\t\t\t<\/a>\t\t<\/div>\n\t\t<\/div><!-- wp-show-posts-inner --><\/article><article class=\" wp-show-posts-single post-523 post type-post status-publish format-standard has-post-thumbnail hentry category-obras-footer category-obras_home wpsp-col-3\" itemtype=\"http:\/\/schema.org\/CreativeWork\" itemscope><div class=\"wp-show-posts-inner\" style=\"\">\t\t\t\t\t\t<header class=\"wp-show-posts-entry-header\">\n\t\t\t\t\t\t\t<p class=\"wp-show-posts-entry-title\" itemprop=\"headline\"><a href=\"http:\/\/dagmara.cl\/w3\/ensayo-y-error\/\" rel=\"bookmark\">Ensayo y Error<\/a><\/p>\t\t\t\t\t\t<\/header><!-- .entry-header -->\n\t\t\t\t\t\t\t<div class=\"wp-show-posts-image  wpsp-image-center \">\n\t\t\t<a href=\"http:\/\/dagmara.cl\/w3\/ensayo-y-error\/\"  title=\"Ensayo y Error\">\t\t\t\t\t<img decoding=\"async\" src=\"http:\/\/dagmara.cl\/w3\/wp-content\/uploads\/2022\/11\/error-400x400.png\" alt=\"Ensayo y Error\" itemprop=\"image\" class=\"center\" \/>\n\t\t\t\t<\/a>\t\t<\/div>\n\t\t<\/div><!-- wp-show-posts-inner --><\/article><article class=\" wp-show-posts-single post-525 post type-post status-publish format-standard has-post-thumbnail hentry category-obras_home wpsp-col-3\" itemtype=\"http:\/\/schema.org\/CreativeWork\" itemscope><div class=\"wp-show-posts-inner\" style=\"\">\t\t\t\t\t\t<header class=\"wp-show-posts-entry-header\">\n\t\t\t\t\t\t\t<p class=\"wp-show-posts-entry-title\" itemprop=\"headline\"><a href=\"http:\/\/dagmara.cl\/w3\/cosas-que-duelen\/\" rel=\"bookmark\">Cosas que duelen<\/a><\/p>\t\t\t\t\t\t<\/header><!-- .entry-header -->\n\t\t\t\t\t\t\t<div class=\"wp-show-posts-image  wpsp-image-center \">\n\t\t\t<a href=\"http:\/\/dagmara.cl\/w3\/cosas-que-duelen\/\"  title=\"Cosas que duelen\">\t\t\t\t\t<img decoding=\"async\" src=\"http:\/\/dagmara.cl\/w3\/wp-content\/uploads\/2022\/11\/cosasqueduelen-400x400.jpg\" alt=\"Cosas que duelen\" itemprop=\"image\" class=\"center\" \/>\n\t\t\t\t<\/a>\t\t<\/div>\n\t\t<\/div><!-- wp-show-posts-inner --><\/article><article class=\" wp-show-posts-single post-530 post type-post status-publish format-standard has-post-thumbnail hentry category-obras_home category-uncategorized wpsp-col-3\" itemtype=\"http:\/\/schema.org\/CreativeWork\" itemscope><div class=\"wp-show-posts-inner\" style=\"\">\t\t\t\t\t\t<header class=\"wp-show-posts-entry-header\">\n\t\t\t\t\t\t\t<p class=\"wp-show-posts-entry-title\" itemprop=\"headline\"><a href=\"http:\/\/dagmara.cl\/w3\/juego-mixto\/\" rel=\"bookmark\">Juego Mixto<\/a><\/p>\t\t\t\t\t\t<\/header><!-- .entry-header -->\n\t\t\t\t\t\t\t<div class=\"wp-show-posts-image  wpsp-image-center \">\n\t\t\t<a href=\"http:\/\/dagmara.cl\/w3\/juego-mixto\/\"  title=\"Juego Mixto\">\t\t\t\t\t<img decoding=\"async\" src=\"http:\/\/dagmara.cl\/w3\/wp-content\/uploads\/2022\/11\/jm_u_inicio-400x400.jpg\" alt=\"Juego Mixto\" itemprop=\"image\" class=\"center\" \/>\n\t\t\t\t<\/a>\t\t<\/div>\n\t\t<\/div><!-- wp-show-posts-inner --><\/article><div class=\"wpsp-clear\"><\/div><\/section><!-- .wp-show-posts -->\n<\/div>\n<\/div>\n\n\n\n<div class=\"wp-block-columns is-layout-flex wp-container-core-columns-is-layout-9d6595d7 wp-block-columns-is-layout-flex\">\n<div class=\"wp-block-column is-layout-flow wp-block-column-is-layout-flow\" style=\"flex-basis:30px\">\n<hr class=\"wp-block-separator has-text-color has-alpha-channel-opacity has-background thumb\" style=\"background-color:#ff0000;color:#ff0000\"\/>\n<\/div>\n<\/div>\n\n\n\n<h5 class=\"wp-block-heading thumb\">LEY RESERVADA<\/h5>\n\n\n<style>.wp-show-posts-columns#wpsp-2226 {margin-left: -2em; }.wp-show-posts-columns#wpsp-2226 .wp-show-posts-inner {margin: 0 0 2em 2em; }<\/style><section id=\"wpsp-2226\" class=\" wp-show-posts-columns wp-show-posts\" style=\"\"><article class=\" wp-show-posts-single post-3795 post type-post status-publish format-standard has-post-thumbnail hentry category-ley_reservada category-obras-footer wpsp-col-3\" itemtype=\"http:\/\/schema.org\/CreativeWork\" itemscope><div class=\"wp-show-posts-inner\" style=\"\">\t\t<div class=\"wp-show-posts-image  wpsp-image-center \">\n\t\t\t<a href=\"http:\/\/dagmara.cl\/w3\/ley-reservada-3\/\"  title=\"Ley Reservada\">\t\t\t\t\t<img decoding=\"async\" src=\"http:\/\/dagmara.cl\/w3\/wp-content\/uploads\/2025\/01\/02-400x400.jpg\" alt=\"Ley Reservada\" itemprop=\"image\" class=\"center\" \/>\n\t\t\t\t<\/a>\t\t<\/div>\n\t\t<\/div><!-- wp-show-posts-inner --><\/article><article class=\" wp-show-posts-single post-2263 post type-post status-publish format-standard has-post-thumbnail hentry category-ley_reservada category-obras-footer wpsp-col-3\" itemtype=\"http:\/\/schema.org\/CreativeWork\" itemscope><div class=\"wp-show-posts-inner\" style=\"\">\t\t<div class=\"wp-show-posts-image  wpsp-image-center \">\n\t\t\t<a href=\"http:\/\/dagmara.cl\/w3\/ley-reservada-museo-ruinas-de-huanchaca\/\"  title=\"Ley Reservada\">\t\t\t\t\t<img decoding=\"async\" src=\"http:\/\/dagmara.cl\/w3\/wp-content\/uploads\/2023\/01\/IMG_1600-1-400x400.jpg\" alt=\"Ley Reservada\" itemprop=\"image\" class=\"center\" \/>\n\t\t\t\t<\/a>\t\t<\/div>\n\t\t<\/div><!-- wp-show-posts-inner --><\/article><article class=\" wp-show-posts-single post-2217 post type-post status-publish format-standard has-post-thumbnail hentry category-ley_reservada wpsp-col-3\" itemtype=\"http:\/\/schema.org\/CreativeWork\" itemscope><div class=\"wp-show-posts-inner\" style=\"\">\t\t<div class=\"wp-show-posts-image  wpsp-image-center \">\n\t\t\t<a href=\"http:\/\/dagmara.cl\/w3\/ley-reservada-museo-de-la-memoria\/\"  title=\"Ley Reservada\">\t\t\t\t\t<img decoding=\"async\" src=\"http:\/\/dagmara.cl\/w3\/wp-content\/uploads\/2023\/01\/006-2-400x400.jpg\" alt=\"Ley Reservada\" itemprop=\"image\" class=\"center\" \/>\n\t\t\t\t<\/a>\t\t<\/div>\n\t\t<\/div><!-- wp-show-posts-inner --><\/article><article class=\" wp-show-posts-single post-512 post type-post status-publish format-standard has-post-thumbnail hentry category-ley_reservada category-obras-footer wpsp-col-3\" itemtype=\"http:\/\/schema.org\/CreativeWork\" itemscope><div class=\"wp-show-posts-inner\" style=\"\">\t\t<div class=\"wp-show-posts-image  wpsp-image-center \">\n\t\t\t<a href=\"http:\/\/dagmara.cl\/w3\/ley-reservada\/\"  title=\"Ley Reservada\">\t\t\t\t\t<img decoding=\"async\" src=\"http:\/\/dagmara.cl\/w3\/wp-content\/uploads\/2023\/01\/IMG_0465-1-400x400.jpg\" alt=\"Ley Reservada\" itemprop=\"image\" class=\"center\" \/>\n\t\t\t\t<\/a>\t\t<\/div>\n\t\t<\/div><!-- wp-show-posts-inner --><\/article><div class=\"wpsp-clear\"><\/div><\/section><!-- .wp-show-posts -->\n\n\n\n<div class=\"wp-block-columns is-layout-flex wp-container-core-columns-is-layout-9d6595d7 wp-block-columns-is-layout-flex\">\n<div class=\"wp-block-column is-layout-flow wp-block-column-is-layout-flow\" style=\"flex-basis:30px\">\n<hr class=\"wp-block-separator has-text-color has-alpha-channel-opacity has-background thumb\" style=\"background-color:#ff0000;color:#ff0000\"\/>\n<\/div>\n<\/div>\n\n\n\n<h5 class=\"wp-block-heading thumb\">JUEGO MIXTO<\/h5>\n\n\n<style> #post-slider-block-e14vpotzh .gallery-frontend .slick-slide { margin: 0 15px; } #post-slider-block-e14vpotzh .gallery-frontend .slick-list  { margin: 0 -15px; }<\/style><div id=post-slider-block-e14vpotzh class='wp-block-gosign'><div data-horizontalSpacing=\"15\" data-enableDots=\"true\" data-autoPlay=\"true\" data-infinite=\"true\" data-pauseOnHover=\"true\" data-slidesToShow=\"4\" data-autoplayDelay=\"6000\" data-initialSlide=\"2\"  class='grid-post-parent-gosign gallery-frontend'><div class='grid-item grid-item-1' key=1370 ><div class='gallery-image'><div class='slider-image-container'><a href=http:\/\/dagmara.cl\/w3\/inquietudes-del-palacio\/><img title='Inquietudes del Palacio' alt='' src='http:\/\/dagmara.cl\/w3\/wp-content\/uploads\/2022\/12\/00.jpg' \/><\/a><\/div><div class='box-content'><div class='author-and-date'><\/div><\/div><\/div><\/div><div class='grid-item grid-item-2' key=1902 ><div class='gallery-image'><div class='slider-image-container'><a href=http:\/\/dagmara.cl\/w3\/jm_londres\/><img title='Epilogo - LONDRES' alt='' src='http:\/\/dagmara.cl\/w3\/wp-content\/uploads\/2022\/12\/sig_pe.jpg' \/><\/a><\/div><div class='box-content'><div class='author-and-date'><\/div><\/div><\/div><\/div><div class='grid-item grid-item-3' key=1893 ><div class='gallery-image'><div class='slider-image-container'><a href=http:\/\/dagmara.cl\/w3\/jm_paradero-quillagua\/><img title='Paradero 1 - QUILLAGUA' alt='' src='http:\/\/dagmara.cl\/w3\/wp-content\/uploads\/2022\/12\/sig_p1.jpg' \/><\/a><\/div><div class='box-content'><div class='author-and-date'><\/div><\/div><\/div><\/div><div class='grid-item grid-item-4' key=1891 ><div class='gallery-image'><div class='slider-image-container'><a href=http:\/\/dagmara.cl\/w3\/jm_trasbordo\/><img title='Trasbordo - CRACOV\u00cdA' alt='' src='http:\/\/dagmara.cl\/w3\/wp-content\/uploads\/2022\/12\/sig_p5.jpg' \/><\/a><\/div><div class='box-content'><div class='author-and-date'><\/div><\/div><\/div><\/div><div class='grid-item grid-item-5' key=1889 ><div class='gallery-image'><div class='slider-image-container'><a href=http:\/\/dagmara.cl\/w3\/jm_paradero-valparaiso\/><img title='Paradero 4 - VALPARA\u00cdSO' alt='' src='http:\/\/dagmara.cl\/w3\/wp-content\/uploads\/2022\/12\/sig_p4.jpg' \/><\/a><\/div><div class='box-content'><div class='author-and-date'><\/div><\/div><\/div><\/div><div class='grid-item grid-item-6' key=1887 ><div class='gallery-image'><div class='slider-image-container'><a href=http:\/\/dagmara.cl\/w3\/jm_paradero-patagonia\/><img title='Paradero 3 - PATAGONIA' alt='' src='http:\/\/dagmara.cl\/w3\/wp-content\/uploads\/2022\/12\/sig_p3.jpg' \/><\/a><\/div><div class='box-content'><div class='author-and-date'><\/div><\/div><\/div><\/div><div class='grid-item grid-item-7' key=1873 ><div class='gallery-image'><div class='slider-image-container'><a href=http:\/\/dagmara.cl\/w3\/jm_ysijugamos\/><img title='\u00bfy s\u00ed jugamos?' alt='' src='http:\/\/dagmara.cl\/w3\/wp-content\/uploads\/2022\/12\/juegomixto_inicio.jpg' \/><\/a><\/div><div class='box-content'><div class='author-and-date'><\/div><\/div><\/div><\/div><div class='grid-item grid-item-8' key=1862 ><div class='gallery-image'><div class='slider-image-container'><a href=http:\/\/dagmara.cl\/w3\/jm_paradero-alma\/><img title='Paradero 2 - ALMA' alt='' src='http:\/\/dagmara.cl\/w3\/wp-content\/uploads\/2022\/12\/sig_p2.jpg' \/><\/a><\/div><div class='box-content'><div class='author-and-date'><\/div><\/div><\/div><\/div><div class='grid-item grid-item-9' key=1762 ><div class='gallery-image'><div class='slider-image-container'><a href=http:\/\/dagmara.cl\/w3\/jm_paradero-canarias\/><img title='Paradero CANARIAS' alt='' src='http:\/\/dagmara.cl\/w3\/wp-content\/uploads\/2022\/11\/canarias_inicio.jpg' \/><\/a><\/div><div class='box-content'><div class='author-and-date'><\/div><\/div><\/div><\/div><div class='grid-item grid-item-10' key=530 ><div class='gallery-image'><div class='slider-image-container'><a href=http:\/\/dagmara.cl\/w3\/juego-mixto\/><img title='Juego Mixto' alt='' src='http:\/\/dagmara.cl\/w3\/wp-content\/uploads\/2022\/11\/jm_u_inicio.jpg' \/><\/a><\/div><div class='box-content'><div class='author-and-date'><\/div><\/div><\/div><\/div><\/div>\n\n\n<div style=\"height:20px\" aria-hidden=\"true\" class=\"wp-block-spacer\"><\/div>\n\n\n\n<div class=\"wp-block-columns is-layout-flex wp-container-core-columns-is-layout-9d6595d7 wp-block-columns-is-layout-flex\">\n<div class=\"wp-block-column is-layout-flow wp-block-column-is-layout-flow\">\n<div style=\"height:100px\" aria-hidden=\"true\" class=\"wp-block-spacer\"><\/div>\n\n\n\n<div class=\"wp-block-columns is-layout-flex wp-container-core-columns-is-layout-9d6595d7 wp-block-columns-is-layout-flex\">\n<div class=\"wp-block-column is-layout-flow wp-block-column-is-layout-flow\" style=\"flex-basis:30px\">\n<hr class=\"wp-block-separator has-text-color has-alpha-channel-opacity has-background thumb\" style=\"background-color:#ff0000;color:#ff0000\"\/>\n<\/div>\n<\/div>\n\n\n\n<div class=\"wp-block-columns are-vertically-aligned-bottom is-layout-flex wp-container-core-columns-is-layout-9d6595d7 wp-block-columns-is-layout-flex\">\n<div class=\"wp-block-column is-vertically-aligned-bottom is-layout-flow wp-block-column-is-layout-flow\">\n<p class=\"thumb\">este d\u00eda vimos el volc\u00e1n<\/p>\n\n\n\n<figure class=\"wp-block-image size-full\"><a href=\"http:\/\/www.dagmara.cl\/estediavimoselvolcan.html\"><img fetchpriority=\"high\" decoding=\"async\" width=\"720\" height=\"720\" src=\"http:\/\/dagmara.cl\/w3\/wp-content\/uploads\/2022\/11\/volcan_inicio.jpg\" alt=\"\" class=\"wp-image-973\" srcset=\"http:\/\/dagmara.cl\/w3\/wp-content\/uploads\/2022\/11\/volcan_inicio.jpg 720w, http:\/\/dagmara.cl\/w3\/wp-content\/uploads\/2022\/11\/volcan_inicio-300x300.jpg 300w, http:\/\/dagmara.cl\/w3\/wp-content\/uploads\/2022\/11\/volcan_inicio-150x150.jpg 150w, http:\/\/dagmara.cl\/w3\/wp-content\/uploads\/2022\/11\/elementor\/thumbs\/volcan_inicio-pyfkjzges2ntvspy7onjmel8ymodymlig5yp6lg3og.jpg 400w\" sizes=\"(max-width: 720px) 100vw, 720px\" \/><\/a><\/figure>\n<\/div>\n\n\n\n<div class=\"wp-block-column is-vertically-aligned-bottom is-layout-flow wp-block-column-is-layout-flow\">\n<p class=\"thumb\">podr\u00edamos empezar desde zero<\/p>\n\n\n\n<figure class=\"wp-block-image size-large\"><a href=\"http:\/\/dagmara.cl\/podriamos_empezar_desde_zero.html\"><img decoding=\"async\" width=\"1291\" height=\"1291\" src=\"http:\/\/dagmara.cl\/w3\/wp-content\/uploads\/2023\/11\/WhatsApp-Image-2023-11-06-at-12.35.09-edited.jpeg\" alt=\"\" class=\"wp-image-2881\" srcset=\"http:\/\/dagmara.cl\/w3\/wp-content\/uploads\/2023\/11\/WhatsApp-Image-2023-11-06-at-12.35.09-edited.jpeg 1291w, http:\/\/dagmara.cl\/w3\/wp-content\/uploads\/2023\/11\/WhatsApp-Image-2023-11-06-at-12.35.09-edited-300x300.jpeg 300w, http:\/\/dagmara.cl\/w3\/wp-content\/uploads\/2023\/11\/WhatsApp-Image-2023-11-06-at-12.35.09-edited-1024x1024.jpeg 1024w, http:\/\/dagmara.cl\/w3\/wp-content\/uploads\/2023\/11\/WhatsApp-Image-2023-11-06-at-12.35.09-edited-150x150.jpeg 150w, http:\/\/dagmara.cl\/w3\/wp-content\/uploads\/2023\/11\/WhatsApp-Image-2023-11-06-at-12.35.09-edited-768x768.jpeg 768w\" sizes=\"(max-width: 1291px) 100vw, 1291px\" \/><\/a><\/figure>\n<\/div>\n\n\n\n<div class=\"wp-block-column is-vertically-aligned-bottom is-layout-flow wp-block-column-is-layout-flow\">\n<p class=\"thumb\">a mi mam\u00e1 nunca le gust\u00f3 el campo<\/p>\n\n\n\n<figure class=\"wp-block-image size-full\"><a href=\"http:\/\/dagmara.cl\/amimamanuncalegustoelcampo.html\"><img decoding=\"async\" width=\"720\" height=\"720\" src=\"http:\/\/dagmara.cl\/w3\/wp-content\/uploads\/2022\/11\/amimama_inicio.jpg\" alt=\"\" class=\"wp-image-211\" srcset=\"http:\/\/dagmara.cl\/w3\/wp-content\/uploads\/2022\/11\/amimama_inicio.jpg 720w, http:\/\/dagmara.cl\/w3\/wp-content\/uploads\/2022\/11\/amimama_inicio-300x300.jpg 300w, http:\/\/dagmara.cl\/w3\/wp-content\/uploads\/2022\/11\/amimama_inicio-150x150.jpg 150w\" sizes=\"(max-width: 720px) 100vw, 720px\" \/><\/a><\/figure>\n<\/div>\n\n\n\n<div class=\"wp-block-column is-vertically-aligned-bottom is-layout-flow wp-block-column-is-layout-flow\">\n<p class=\"thumb\">alasitas democracy<\/p>\n\n\n\n<figure class=\"wp-block-image size-full\"><a href=\"http:\/\/dagmara.cl\/alasitasdemocracy.html\"><img loading=\"lazy\" decoding=\"async\" width=\"434\" height=\"434\" src=\"http:\/\/dagmara.cl\/w3\/wp-content\/uploads\/2022\/12\/alasitas.jpg\" alt=\"\" class=\"wp-image-1173\" srcset=\"http:\/\/dagmara.cl\/w3\/wp-content\/uploads\/2022\/12\/alasitas.jpg 434w, http:\/\/dagmara.cl\/w3\/wp-content\/uploads\/2022\/12\/alasitas-300x300.jpg 300w, http:\/\/dagmara.cl\/w3\/wp-content\/uploads\/2022\/12\/alasitas-150x150.jpg 150w\" sizes=\"(max-width: 434px) 100vw, 434px\" \/><\/a><\/figure>\n<\/div>\n<\/div>\n\n\n\n<div class=\"wp-block-columns are-vertically-aligned-bottom is-layout-flex wp-container-core-columns-is-layout-9d6595d7 wp-block-columns-is-layout-flex\">\n<div class=\"wp-block-column is-vertically-aligned-bottom is-layout-flow wp-block-column-is-layout-flow\">\n<p class=\"thumb\">que hago con tanta memoria<\/p>\n\n\n\n<figure class=\"wp-block-image size-full\"><a href=\"http:\/\/dagmara.cl\/quehagocontantamemoria.html\"><img loading=\"lazy\" decoding=\"async\" width=\"434\" height=\"434\" src=\"http:\/\/dagmara.cl\/w3\/wp-content\/uploads\/2022\/12\/sig_qh.jpg\" alt=\"\" class=\"wp-image-1201\" srcset=\"http:\/\/dagmara.cl\/w3\/wp-content\/uploads\/2022\/12\/sig_qh.jpg 434w, http:\/\/dagmara.cl\/w3\/wp-content\/uploads\/2022\/12\/sig_qh-300x300.jpg 300w, http:\/\/dagmara.cl\/w3\/wp-content\/uploads\/2022\/12\/sig_qh-150x150.jpg 150w\" sizes=\"(max-width: 434px) 100vw, 434px\" \/><\/a><\/figure>\n<\/div>\n\n\n\n<div class=\"wp-block-column is-vertically-aligned-bottom is-layout-flow wp-block-column-is-layout-flow\">\n<p class=\"thumb\">polonus populus<\/p>\n\n\n\n<figure class=\"wp-block-image size-full\"><a href=\"http:\/\/dagmara.cl\/polonuspopulus.html\"><img loading=\"lazy\" decoding=\"async\" width=\"434\" height=\"434\" src=\"http:\/\/dagmara.cl\/w3\/wp-content\/uploads\/2022\/12\/sig_pp.jpg\" alt=\"\" class=\"wp-image-1199\" srcset=\"http:\/\/dagmara.cl\/w3\/wp-content\/uploads\/2022\/12\/sig_pp.jpg 434w, http:\/\/dagmara.cl\/w3\/wp-content\/uploads\/2022\/12\/sig_pp-300x300.jpg 300w, http:\/\/dagmara.cl\/w3\/wp-content\/uploads\/2022\/12\/sig_pp-150x150.jpg 150w\" sizes=\"(max-width: 434px) 100vw, 434px\" \/><\/a><\/figure>\n<\/div>\n\n\n\n<div class=\"wp-block-column is-vertically-aligned-bottom is-layout-flow wp-block-column-is-layout-flow\">\n<p class=\"thumb\">sana fe(menina)<\/p>\n\n\n\n<figure class=\"wp-block-image size-full\"><a href=\"http:\/\/dagmara.cl\/sanafemenina.html\"><img loading=\"lazy\" decoding=\"async\" width=\"434\" height=\"434\" src=\"http:\/\/dagmara.cl\/w3\/wp-content\/uploads\/2022\/12\/sig_sn.jpg\" alt=\"\" class=\"wp-image-1202\" srcset=\"http:\/\/dagmara.cl\/w3\/wp-content\/uploads\/2022\/12\/sig_sn.jpg 434w, http:\/\/dagmara.cl\/w3\/wp-content\/uploads\/2022\/12\/sig_sn-300x300.jpg 300w, http:\/\/dagmara.cl\/w3\/wp-content\/uploads\/2022\/12\/sig_sn-150x150.jpg 150w\" sizes=\"(max-width: 434px) 100vw, 434px\" \/><\/a><\/figure>\n<\/div>\n\n\n\n<div class=\"wp-block-column is-vertically-aligned-bottom is-layout-flow wp-block-column-is-layout-flow\">\n<p class=\"thumb\">quillagua dream<\/p>\n\n\n\n<figure class=\"wp-block-image size-full\"><a href=\"http:\/\/dagmara.cl\/quillaguadream.html\"><img loading=\"lazy\" decoding=\"async\" width=\"434\" height=\"434\" src=\"http:\/\/dagmara.cl\/w3\/wp-content\/uploads\/2022\/12\/sig_qd.jpg\" alt=\"\" class=\"wp-image-1200\" srcset=\"http:\/\/dagmara.cl\/w3\/wp-content\/uploads\/2022\/12\/sig_qd.jpg 434w, http:\/\/dagmara.cl\/w3\/wp-content\/uploads\/2022\/12\/sig_qd-300x300.jpg 300w, http:\/\/dagmara.cl\/w3\/wp-content\/uploads\/2022\/12\/sig_qd-150x150.jpg 150w\" sizes=\"(max-width: 434px) 100vw, 434px\" \/><\/a><\/figure>\n<\/div>\n<\/div>\n\n\n\n<div class=\"wp-block-columns are-vertically-aligned-bottom is-layout-flex wp-container-core-columns-is-layout-9d6595d7 wp-block-columns-is-layout-flex\">\n<div class=\"wp-block-column is-vertically-aligned-bottom is-layout-flow wp-block-column-is-layout-flow\">\n<p class=\"thumb\">avenidas<\/p>\n\n\n\n<figure class=\"wp-block-image size-full\"><a href=\"http:\/\/dagmara.cl\/avenidas.html\"><img loading=\"lazy\" decoding=\"async\" width=\"434\" height=\"434\" src=\"http:\/\/dagmara.cl\/w3\/wp-content\/uploads\/2022\/12\/sig_av.jpg\" alt=\"\" class=\"wp-image-1187\" srcset=\"http:\/\/dagmara.cl\/w3\/wp-content\/uploads\/2022\/12\/sig_av.jpg 434w, http:\/\/dagmara.cl\/w3\/wp-content\/uploads\/2022\/12\/sig_av-300x300.jpg 300w, http:\/\/dagmara.cl\/w3\/wp-content\/uploads\/2022\/12\/sig_av-150x150.jpg 150w\" sizes=\"(max-width: 434px) 100vw, 434px\" \/><\/a><\/figure>\n<\/div>\n\n\n\n<div class=\"wp-block-column is-vertically-aligned-bottom is-layout-flow wp-block-column-is-layout-flow\">\n<p class=\"thumb\">cultivo de tiempo<\/p>\n\n\n\n<figure class=\"wp-block-image size-full\"><a href=\"http:\/\/dagmara.cl\/cultivodetiempo.html\"><img loading=\"lazy\" decoding=\"async\" width=\"434\" height=\"434\" src=\"http:\/\/dagmara.cl\/w3\/wp-content\/uploads\/2022\/12\/sig_ct.jpg\" alt=\"\" class=\"wp-image-1189\" srcset=\"http:\/\/dagmara.cl\/w3\/wp-content\/uploads\/2022\/12\/sig_ct.jpg 434w, http:\/\/dagmara.cl\/w3\/wp-content\/uploads\/2022\/12\/sig_ct-300x300.jpg 300w, http:\/\/dagmara.cl\/w3\/wp-content\/uploads\/2022\/12\/sig_ct-150x150.jpg 150w\" sizes=\"(max-width: 434px) 100vw, 434px\" \/><\/a><\/figure>\n<\/div>\n\n\n\n<div class=\"wp-block-column is-vertically-aligned-bottom is-layout-flow wp-block-column-is-layout-flow\">\n<p class=\"thumb\">Blanca Nieves <\/p>\n\n\n\n<figure class=\"wp-block-image size-full\"><a href=\"http:\/\/dagmara.cl\/blancanieves.html\"><img loading=\"lazy\" decoding=\"async\" width=\"434\" height=\"434\" src=\"http:\/\/dagmara.cl\/w3\/wp-content\/uploads\/2022\/12\/sig_bn.jpg\" alt=\"\" class=\"wp-image-1188\" srcset=\"http:\/\/dagmara.cl\/w3\/wp-content\/uploads\/2022\/12\/sig_bn.jpg 434w, http:\/\/dagmara.cl\/w3\/wp-content\/uploads\/2022\/12\/sig_bn-300x300.jpg 300w, http:\/\/dagmara.cl\/w3\/wp-content\/uploads\/2022\/12\/sig_bn-150x150.jpg 150w\" sizes=\"(max-width: 434px) 100vw, 434px\" \/><\/a><\/figure>\n<\/div>\n\n\n\n<div class=\"wp-block-column is-vertically-aligned-bottom is-layout-flow wp-block-column-is-layout-flow\">\n<p class=\"thumb\">todos somos culpables<\/p>\n\n\n\n<figure class=\"wp-block-image size-full\"><a href=\"http:\/\/dagmara.cl\/todossomosculpables.html\"><img loading=\"lazy\" decoding=\"async\" width=\"434\" height=\"434\" src=\"http:\/\/dagmara.cl\/w3\/wp-content\/uploads\/2022\/12\/sig_tc.jpg\" alt=\"\" class=\"wp-image-1203\" srcset=\"http:\/\/dagmara.cl\/w3\/wp-content\/uploads\/2022\/12\/sig_tc.jpg 434w, http:\/\/dagmara.cl\/w3\/wp-content\/uploads\/2022\/12\/sig_tc-300x300.jpg 300w, http:\/\/dagmara.cl\/w3\/wp-content\/uploads\/2022\/12\/sig_tc-150x150.jpg 150w\" sizes=\"(max-width: 434px) 100vw, 434px\" \/><\/a><\/figure>\n<\/div>\n<\/div>\n\n\n\n<div class=\"wp-block-columns are-vertically-aligned-bottom is-layout-flex wp-container-core-columns-is-layout-9d6595d7 wp-block-columns-is-layout-flex\">\n<div class=\"wp-block-column is-vertically-aligned-bottom is-layout-flow wp-block-column-is-layout-flow\">\n<p class=\"thumb\">piet\u00e1<\/p>\n\n\n\n<figure class=\"wp-block-image size-full\"><a href=\"http:\/\/dagmara.cl\/pieta.html\"><img loading=\"lazy\" decoding=\"async\" width=\"434\" height=\"434\" src=\"http:\/\/dagmara.cl\/w3\/wp-content\/uploads\/2022\/12\/sig_pi.jpg\" alt=\"\" class=\"wp-image-1198\" srcset=\"http:\/\/dagmara.cl\/w3\/wp-content\/uploads\/2022\/12\/sig_pi.jpg 434w, http:\/\/dagmara.cl\/w3\/wp-content\/uploads\/2022\/12\/sig_pi-300x300.jpg 300w, http:\/\/dagmara.cl\/w3\/wp-content\/uploads\/2022\/12\/sig_pi-150x150.jpg 150w\" sizes=\"(max-width: 434px) 100vw, 434px\" \/><\/a><\/figure>\n<\/div>\n\n\n\n<div class=\"wp-block-column is-vertically-aligned-bottom is-layout-flow wp-block-column-is-layout-flow\">\n<p class=\"thumb\">trabajos 2004 &#8211; 2010<\/p>\n\n\n\n<figure class=\"wp-block-image size-full\"><a href=\"http:\/\/dagmara.cl\/trabajos2004-2010.html\"><img loading=\"lazy\" decoding=\"async\" width=\"434\" height=\"434\" src=\"http:\/\/dagmara.cl\/w3\/wp-content\/uploads\/2022\/12\/sig_tp.jpg\" alt=\"\" class=\"wp-image-1204\" srcset=\"http:\/\/dagmara.cl\/w3\/wp-content\/uploads\/2022\/12\/sig_tp.jpg 434w, http:\/\/dagmara.cl\/w3\/wp-content\/uploads\/2022\/12\/sig_tp-300x300.jpg 300w, http:\/\/dagmara.cl\/w3\/wp-content\/uploads\/2022\/12\/sig_tp-150x150.jpg 150w\" sizes=\"(max-width: 434px) 100vw, 434px\" \/><\/a><\/figure>\n<\/div>\n\n\n\n<div class=\"wp-block-column is-vertically-aligned-bottom is-layout-flow wp-block-column-is-layout-flow\"><\/div>\n\n\n\n<div class=\"wp-block-column is-vertically-aligned-bottom is-layout-flow wp-block-column-is-layout-flow\"><\/div>\n<\/div>\n<\/div>\n<\/div>\n","protected":false},"excerpt":{"rendered":"<p>LEY RESERVADA JUEGO MIXTO este d\u00eda vimos el volc\u00e1n podr\u00edamos empezar desde zero a mi mam\u00e1 nunca le gust\u00f3 el campo alasitas democracy que hago con tanta memoria polonus populus sana fe(menina) quillagua dream avenidas cultivo de tiempo Blanca Nieves todos somos culpables piet\u00e1 trabajos 2004 &#8211; 2010<\/p>\n","protected":false},"author":1,"featured_media":0,"parent":0,"menu_order":0,"comment_status":"closed","ping_status":"closed","template":"","meta":{"footnotes":""},"class_list":["post-1767","page","type-page","status-publish","hentry"],"_links":{"self":[{"href":"http:\/\/dagmara.cl\/w3\/wp-json\/wp\/v2\/pages\/1767","targetHints":{"allow":["GET"]}}],"collection":[{"href":"http:\/\/dagmara.cl\/w3\/wp-json\/wp\/v2\/pages"}],"about":[{"href":"http:\/\/dagmara.cl\/w3\/wp-json\/wp\/v2\/types\/page"}],"author":[{"embeddable":true,"href":"http:\/\/dagmara.cl\/w3\/wp-json\/wp\/v2\/users\/1"}],"replies":[{"embeddable":true,"href":"http:\/\/dagmara.cl\/w3\/wp-json\/wp\/v2\/comments?post=1767"}],"version-history":[{"count":143,"href":"http:\/\/dagmara.cl\/w3\/wp-json\/wp\/v2\/pages\/1767\/revisions"}],"predecessor-version":[{"id":3867,"href":"http:\/\/dagmara.cl\/w3\/wp-json\/wp\/v2\/pages\/1767\/revisions\/3867"}],"wp:attachment":[{"href":"http:\/\/dagmara.cl\/w3\/wp-json\/wp\/v2\/media?parent=1767"}],"curies":[{"name":"wp","href":"https:\/\/api.w.org\/{rel}","templated":true}]}}